{"id":49,"date":"2026-02-16T09:01:44","date_gmt":"2026-02-16T09:01:44","guid":{"rendered":"https:\/\/nora-media.fr\/?page_id=49"},"modified":"2026-02-16T09:26:07","modified_gmt":"2026-02-16T09:26:07","slug":"nora","status":"publish","type":"page","link":"https:\/\/nora-media.fr\/","title":{"rendered":"Nora"},"content":{"rendered":"\n[et_pb_section fb_built=\u00a0\u00bb1&Prime; theme_builder_area=\u00a0\u00bbpost_content\u00a0\u00bb _builder_version=\u00a0\u00bb4.27.5&Prime; _module_preset=\u00a0\u00bbdefault\u00a0\u00bb title_text=\u00a0\u00bbNora wait_mobile_1&Prime; background_video_mp4=\u00a0\u00bbhttps:\/\/nora-media.fr\/wp-content\/uploads\/2026\/02\/Nora-wait_1.mp4&Prime; hover_enabled=\u00a0\u00bb0&Prime; sticky_enabled=\u00a0\u00bb0&Prime; custom_padding=\u00a0\u00bb||649px|||\u00a0\u00bb min_height=\u00a0\u00bb900.8px\u00a0\u00bb custom_margin=\u00a0\u00bb||-11px|||\u00a0\u00bb background_last_edited=\u00a0\u00bbon|phone\u00a0\u00bb background_video_mp4_phone=\u00a0\u00bbhttps:\/\/nora-media.fr\/wp-content\/uploads\/2026\/02\/Nora-wait_mobile_1.mp4&Prime; background_enable_video_mp4_phone=\u00a0\u00bbon\u00a0\u00bb][et_pb_row _builder_version=\u00a0\u00bb4.27.5&Prime; _module_preset=\u00a0\u00bbdefault\u00a0\u00bb theme_builder_area=\u00a0\u00bbpost_content\u00a0\u00bb][et_pb_column _builder_version=\u00a0\u00bb4.27.5&Prime; _module_preset=\u00a0\u00bbdefault\u00a0\u00bb type=\u00a0\u00bb4_4&Prime; theme_builder_area=\u00a0\u00bbpost_content\u00a0\u00bb][et_pb_text _builder_version=\u00a0\u00bb4.27.5&Prime; _module_preset=\u00a0\u00bbdefault\u00a0\u00bb theme_builder_area=\u00a0\u00bbpost_content\u00a0\u00bb hover_enabled=\u00a0\u00bb0&Prime; sticky_enabled=\u00a0\u00bb0&Prime;][\/et_pb_text][\/et_pb_column][\/et_pb_row][\/et_pb_section]\n","protected":false},"excerpt":{"rendered":"","protected":false},"author":1,"featured_media":0,"parent":0,"menu_order":0,"comment_status":"closed","ping_status":"closed","template":"page-template-blank.php","meta":{"_et_pb_use_builder":"on","_et_pb_old_content":"","_et_gb_content_width":"","footnotes":""},"class_list":["post-49","page","type-page","status-publish","hentry"],"yoast_head":"<!-- This site is optimized with the Yoast SEO plugin v26.9 - https:\/\/yoast.com\/product\/yoast-seo-wordpress\/ -->\n<title>Nora : solution d&#039;affichage dynamique pour entreprise et collectivit\u00e9<\/title>\n<meta name=\"description\" content=\"Solution d\u2019affichage dynamique pour entreprises et collectivit\u00e9s, Nora permet de diffuser facilement vos informations en temps r\u00e9el sur tous vos \u00e9crans. Simple, s\u00e9curis\u00e9e et performante.\" \/>\n<meta name=\"robots\" content=\"index, follow, max-snippet:-1, max-image-preview:large, max-video-preview:-1\" \/>\n<link rel=\"canonical\" href=\"https:\/\/nora-media.fr\/\" \/>\n<meta property=\"og:locale\" content=\"fr_FR\" \/>\n<meta property=\"og:type\" content=\"article\" \/>\n<meta property=\"og:title\" content=\"Nora : solution d&#039;affichage dynamique pour entreprise et collectivit\u00e9\" \/>\n<meta property=\"og:description\" content=\"Solution d\u2019affichage dynamique pour entreprises et collectivit\u00e9s, Nora permet de diffuser facilement vos informations en temps r\u00e9el sur tous vos \u00e9crans. Simple, s\u00e9curis\u00e9e et performante.\" \/>\n<meta property=\"og:url\" content=\"https:\/\/nora-media.fr\/\" \/>\n<meta property=\"og:site_name\" content=\"WordPress\" \/>\n<meta property=\"article:publisher\" content=\"https:\/\/www.facebook.com\/profile.php?id=61587565501058\" \/>\n<meta property=\"article:modified_time\" content=\"2026-02-16T09:26:07+00:00\" \/>\n<meta name=\"twitter:card\" content=\"summary_large_image\" \/>\n<script type=\"application\/ld+json\" class=\"yoast-schema-graph\">{\"@context\":\"https:\/\/schema.org\",\"@graph\":[{\"@type\":\"WebPage\",\"@id\":\"https:\/\/nora-media.fr\/\",\"url\":\"https:\/\/nora-media.fr\/\",\"name\":\"Nora : solution d'affichage dynamique pour entreprise et collectivit\u00e9\",\"isPartOf\":{\"@id\":\"https:\/\/nora-media.fr\/#website\"},\"datePublished\":\"2026-02-16T09:01:44+00:00\",\"dateModified\":\"2026-02-16T09:26:07+00:00\",\"description\":\"Solution d\u2019affichage dynamique pour entreprises et collectivit\u00e9s, Nora permet de diffuser facilement vos informations en temps r\u00e9el sur tous vos \u00e9crans. Simple, s\u00e9curis\u00e9e et performante.\",\"breadcrumb\":{\"@id\":\"https:\/\/nora-media.fr\/#breadcrumb\"},\"inLanguage\":\"fr-FR\",\"potentialAction\":[{\"@type\":\"ReadAction\",\"target\":[\"https:\/\/nora-media.fr\/\"]}]},{\"@type\":\"BreadcrumbList\",\"@id\":\"https:\/\/nora-media.fr\/#breadcrumb\",\"itemListElement\":[{\"@type\":\"ListItem\",\"position\":1,\"name\":\"Accueil\",\"item\":\"https:\/\/nora-media.fr\/\"},{\"@type\":\"ListItem\",\"position\":2,\"name\":\"Nora\"}]},{\"@type\":\"WebSite\",\"@id\":\"https:\/\/nora-media.fr\/#website\",\"url\":\"https:\/\/nora-media.fr\/\",\"name\":\"Nora m\u00e9dia\",\"description\":\"\",\"publisher\":{\"@id\":\"https:\/\/nora-media.fr\/#organization\"},\"potentialAction\":[{\"@type\":\"SearchAction\",\"target\":{\"@type\":\"EntryPoint\",\"urlTemplate\":\"https:\/\/nora-media.fr\/?s={search_term_string}\"},\"query-input\":{\"@type\":\"PropertyValueSpecification\",\"valueRequired\":true,\"valueName\":\"search_term_string\"}}],\"inLanguage\":\"fr-FR\"},{\"@type\":\"Organization\",\"@id\":\"https:\/\/nora-media.fr\/#organization\",\"name\":\"Nora m\u00e9dia\",\"url\":\"https:\/\/nora-media.fr\/\",\"logo\":{\"@type\":\"ImageObject\",\"inLanguage\":\"fr-FR\",\"@id\":\"https:\/\/nora-media.fr\/#\/schema\/logo\/image\/\",\"url\":\"https:\/\/nora-media.fr\/wp-content\/uploads\/2026\/02\/favicon-nora.png\",\"contentUrl\":\"https:\/\/nora-media.fr\/wp-content\/uploads\/2026\/02\/favicon-nora.png\",\"width\":440,\"height\":440,\"caption\":\"Nora m\u00e9dia\"},\"image\":{\"@id\":\"https:\/\/nora-media.fr\/#\/schema\/logo\/image\/\"},\"sameAs\":[\"https:\/\/www.facebook.com\/profile.php?id=61587565501058\",\"https:\/\/www.linkedin.com\/company\/nora-mdia\"]}]}<\/script>\n<!-- \/ Yoast SEO plugin. -->","yoast_head_json":{"title":"Nora : solution d'affichage dynamique pour entreprise et collectivit\u00e9","description":"Solution d\u2019affichage dynamique pour entreprises et collectivit\u00e9s, Nora permet de diffuser facilement vos informations en temps r\u00e9el sur tous vos \u00e9crans. Simple, s\u00e9curis\u00e9e et performante.","robots":{"index":"index","follow":"follow","max-snippet":"max-snippet:-1","max-image-preview":"max-image-preview:large","max-video-preview":"max-video-preview:-1"},"canonical":"https:\/\/nora-media.fr\/","og_locale":"fr_FR","og_type":"article","og_title":"Nora : solution d'affichage dynamique pour entreprise et collectivit\u00e9","og_description":"Solution d\u2019affichage dynamique pour entreprises et collectivit\u00e9s, Nora permet de diffuser facilement vos informations en temps r\u00e9el sur tous vos \u00e9crans. Simple, s\u00e9curis\u00e9e et performante.","og_url":"https:\/\/nora-media.fr\/","og_site_name":"WordPress","article_publisher":"https:\/\/www.facebook.com\/profile.php?id=61587565501058","article_modified_time":"2026-02-16T09:26:07+00:00","twitter_card":"summary_large_image","schema":{"@context":"https:\/\/schema.org","@graph":[{"@type":"WebPage","@id":"https:\/\/nora-media.fr\/","url":"https:\/\/nora-media.fr\/","name":"Nora : solution d'affichage dynamique pour entreprise et collectivit\u00e9","isPartOf":{"@id":"https:\/\/nora-media.fr\/#website"},"datePublished":"2026-02-16T09:01:44+00:00","dateModified":"2026-02-16T09:26:07+00:00","description":"Solution d\u2019affichage dynamique pour entreprises et collectivit\u00e9s, Nora permet de diffuser facilement vos informations en temps r\u00e9el sur tous vos \u00e9crans. Simple, s\u00e9curis\u00e9e et performante.","breadcrumb":{"@id":"https:\/\/nora-media.fr\/#breadcrumb"},"inLanguage":"fr-FR","potentialAction":[{"@type":"ReadAction","target":["https:\/\/nora-media.fr\/"]}]},{"@type":"BreadcrumbList","@id":"https:\/\/nora-media.fr\/#breadcrumb","itemListElement":[{"@type":"ListItem","position":1,"name":"Accueil","item":"https:\/\/nora-media.fr\/"},{"@type":"ListItem","position":2,"name":"Nora"}]},{"@type":"WebSite","@id":"https:\/\/nora-media.fr\/#website","url":"https:\/\/nora-media.fr\/","name":"Nora m\u00e9dia","description":"","publisher":{"@id":"https:\/\/nora-media.fr\/#organization"},"potentialAction":[{"@type":"SearchAction","target":{"@type":"EntryPoint","urlTemplate":"https:\/\/nora-media.fr\/?s={search_term_string}"},"query-input":{"@type":"PropertyValueSpecification","valueRequired":true,"valueName":"search_term_string"}}],"inLanguage":"fr-FR"},{"@type":"Organization","@id":"https:\/\/nora-media.fr\/#organization","name":"Nora m\u00e9dia","url":"https:\/\/nora-media.fr\/","logo":{"@type":"ImageObject","inLanguage":"fr-FR","@id":"https:\/\/nora-media.fr\/#\/schema\/logo\/image\/","url":"https:\/\/nora-media.fr\/wp-content\/uploads\/2026\/02\/favicon-nora.png","contentUrl":"https:\/\/nora-media.fr\/wp-content\/uploads\/2026\/02\/favicon-nora.png","width":440,"height":440,"caption":"Nora m\u00e9dia"},"image":{"@id":"https:\/\/nora-media.fr\/#\/schema\/logo\/image\/"},"sameAs":["https:\/\/www.facebook.com\/profile.php?id=61587565501058","https:\/\/www.linkedin.com\/company\/nora-mdia"]}]}},"_links":{"self":[{"href":"https:\/\/nora-media.fr\/index.php?rest_route=\/wp\/v2\/pages\/49","targetHints":{"allow":["GET"]}}],"collection":[{"href":"https:\/\/nora-media.fr\/index.php?rest_route=\/wp\/v2\/pages"}],"about":[{"href":"https:\/\/nora-media.fr\/index.php?rest_route=\/wp\/v2\/types\/page"}],"author":[{"embeddable":true,"href":"https:\/\/nora-media.fr\/index.php?rest_route=\/wp\/v2\/users\/1"}],"replies":[{"embeddable":true,"href":"https:\/\/nora-media.fr\/index.php?rest_route=%2Fwp%2Fv2%2Fcomments&post=49"}],"version-history":[{"count":6,"href":"https:\/\/nora-media.fr\/index.php?rest_route=\/wp\/v2\/pages\/49\/revisions"}],"predecessor-version":[{"id":63,"href":"https:\/\/nora-media.fr\/index.php?rest_route=\/wp\/v2\/pages\/49\/revisions\/63"}],"wp:attachment":[{"href":"https:\/\/nora-media.fr\/index.php?rest_route=%2Fwp%2Fv2%2Fmedia&parent=49"}],"curies":[{"name":"wp","href":"https:\/\/api.w.org\/{rel}","templated":true}]}}